{"id":2841,"date":"2023-01-05T01:27:39","date_gmt":"2023-01-05T00:27:39","guid":{"rendered":"https:\/\/www.guatapemotos.co\/?page_id=2841"},"modified":"2025-11-10T22:50:07","modified_gmt":"2025-11-11T03:50:07","slug":"about","status":"publish","type":"page","link":"https:\/\/www.guatapemotos.com\/es\/about\/","title":{"rendered":"Sobre Nosotros"},"content":{"rendered":"<div data-elementor-type=\"wp-post\" data-elementor-id=\"2841\" class=\"elementor elementor-2841\">\n\t\t\t\t\t\t<section class=\"elementor-section elementor-top-section elementor-element elementor-element-40ba090 elementor-section-full_width elementor-section-height-full elementor-section-height-default elementor-section-items-middle wpr-particle-no wpr-jarallax-no wpr-parallax-no wpr-sticky-section-no\" data-id=\"40ba090\" data-element_type=\"section\" data-settings=\"{&quot;background_background&quot;:&quot;classic&quot;}\">\n\t\t\t\t\t\t\t<div class=\"elementor-background-overlay\"><\/div>\n\t\t\t\t\t\t\t<div class=\"elementor-container elementor-column-gap-default\">\n\t\t\t\t\t<div class=\"elementor-column elementor-col-100 elementor-top-column elementor-element elementor-element-8cd0515 elementor-invisible\" data-id=\"8cd0515\" data-element_type=\"column\" data-settings=\"{&quot;animation&quot;:&quot;zoomIn&quot;}\">\n\t\t\t<div class=\"elementor-widget-wrap elementor-element-populated\">\n\t\t\t\t\t\t<div class=\"elementor-element elementor-element-e4a7b25 elementor-widget elementor-widget-heading\" data-id=\"e4a7b25\" data-element_type=\"widget\" data-widget_type=\"heading.default\">\n\t\t\t\t<div class=\"elementor-widget-container\">\n\t\t\t\t\t<h2 class=\"elementor-heading-title elementor-size-default\">ABOUT US <\/h2>\t\t\t\t<\/div>\n\t\t\t\t<\/div>\n\t\t\t\t<section class=\"elementor-section elementor-inner-section elementor-element elementor-element-f56eb53 elementor-section-boxed elementor-section-height-default elementor-section-height-default wpr-particle-no wpr-jarallax-no wpr-parallax-no wpr-sticky-section-no\" data-id=\"f56eb53\" data-element_type=\"section\">\n\t\t\t\t\t\t<div class=\"elementor-container elementor-column-gap-default\">\n\t\t\t\t\t<div class=\"elementor-column elementor-col-100 elementor-inner-column elementor-element elementor-element-c5741ba\" data-id=\"c5741ba\" data-element_type=\"column\">\n\t\t\t<div class=\"elementor-widget-wrap elementor-element-populated\">\n\t\t\t\t\t\t<div class=\"elementor-element elementor-element-24caa82 elementor-widget__width-auto elementor-widget elementor-widget-eael-creative-button\" data-id=\"24caa82\" data-element_type=\"widget\" data-widget_type=\"eael-creative-button.default\">\n\t\t\t\t<div class=\"elementor-widget-container\">\n\t\t\t\t\t        <div class=\"eael-creative-button-wrapper\">\n\n            <a class=\"eael-creative-button eael-creative-button--default\" href=\"https:\/\/www.guatapemotos.com\/es\/motorcycles\/\" data-text=\"Go!\">\n\n\t    \n                <div class=\"creative-button-inner\">\n\n                    \n                    <span class=\"cretive-button-text\">ALQUILA UNA MOTO<\/span>\n\n                                    <\/div>\n\t                        <\/a>\n        <\/div>\n\t\t\t\t<\/div>\n\t\t\t\t<\/div>\n\t\t\t\t<div class=\"elementor-element elementor-element-57b2496 elementor-widget__width-auto elementor-widget elementor-widget-eael-creative-button\" data-id=\"57b2496\" data-element_type=\"widget\" data-widget_type=\"eael-creative-button.default\">\n\t\t\t\t<div class=\"elementor-widget-container\">\n\t\t\t\t\t        <div class=\"eael-creative-button-wrapper\">\n\n            <a class=\"eael-creative-button eael-creative-button--default\" href=\"https:\/\/www.guatapemotos.com\/es\/tours\/\" data-text=\"Go!\">\n\n\t    \n                <div class=\"creative-button-inner\">\n\n                    \n                    <span class=\"cretive-button-text\">VE NUESTROS TOURS<\/span>\n\n                                    <\/div>\n\t                        <\/a>\n        <\/div>\n\t\t\t\t<\/div>\n\t\t\t\t<\/div>\n\t\t\t\t\t<\/div>\n\t\t<\/div>\n\t\t\t\t\t<\/div>\n\t\t<\/section>\n\t\t\t\t\t<\/div>\n\t\t<\/div>\n\t\t\t\t\t<\/div>\n\t\t<\/section>\n\t\t\t\t<section class=\"elementor-section elementor-top-section elementor-element elementor-element-eb9c264 elementor-section-boxed elementor-section-height-default elementor-section-height-default wpr-particle-no wpr-jarallax-no wpr-parallax-no wpr-sticky-section-no\" data-id=\"eb9c264\" data-element_type=\"section\">\n\t\t\t\t\t\t<div class=\"elementor-container elementor-column-gap-default\">\n\t\t\t\t\t<div class=\"elementor-column elementor-col-100 elementor-top-column elementor-element elementor-element-216f8be\" data-id=\"216f8be\" data-element_type=\"column\">\n\t\t\t<div class=\"elementor-widget-wrap elementor-element-populated\">\n\t\t\t\t\t\t<div class=\"elementor-element elementor-element-22cc89d elementor-view-default elementor-widget elementor-widget-icon\" data-id=\"22cc89d\" data-element_type=\"widget\" data-widget_type=\"icon.default\">\n\t\t\t\t<div class=\"elementor-widget-container\">\n\t\t\t\t\t\t\t<div class=\"elementor-icon-wrapper\">\n\t\t\t<div class=\"elementor-icon\">\n\t\t\t<i aria-hidden=\"true\" class=\"fas fa-motorcycle\"><\/i>\t\t\t<\/div>\n\t\t<\/div>\n\t\t\t\t\t\t<\/div>\n\t\t\t\t<\/div>\n\t\t\t\t<div class=\"elementor-element elementor-element-c8be6b9 elementor-widget elementor-widget-elementskit-heading\" data-id=\"c8be6b9\" data-element_type=\"widget\" data-widget_type=\"elementskit-heading.default\">\n\t\t\t\t<div class=\"elementor-widget-container\">\n\t\t\t\t\t<div class=\"ekit-wid-con\" ><div class=\"ekit-heading elementskit-section-title-wraper text_center   ekit_heading_tablet-   ekit_heading_mobile-\"><h2 class=\"ekit-heading--title elementskit-section-title\">WHO WE ARE ?<\/h2><div class=\"ekit_heading_separetor_wraper ekit_heading_elementskit-border-divider elementskit-style-long\"><div class=\"elementskit-border-divider elementskit-style-long\"><\/div><\/div><\/div><\/div>\t\t\t\t<\/div>\n\t\t\t\t<\/div>\n\t\t\t\t<section class=\"elementor-section elementor-inner-section elementor-element elementor-element-eeada00 elementor-section-boxed elementor-section-height-default elementor-section-height-default wpr-particle-no wpr-jarallax-no wpr-parallax-no wpr-sticky-section-no\" data-id=\"eeada00\" data-element_type=\"section\">\n\t\t\t\t\t\t<div class=\"elementor-container elementor-column-gap-default\">\n\t\t\t\t\t<div class=\"elementor-column elementor-col-100 elementor-inner-column elementor-element elementor-element-564c58e\" data-id=\"564c58e\" data-element_type=\"column\">\n\t\t\t<div class=\"elementor-widget-wrap elementor-element-populated\">\n\t\t\t\t\t\t<div class=\"elementor-element elementor-element-7c3cfb8 elementor-widget elementor-widget-elementskit-drop-caps\" data-id=\"7c3cfb8\" data-element_type=\"widget\" data-widget_type=\"elementskit-drop-caps.default\">\n\t\t\t\t<div class=\"elementor-widget-container\">\n\t\t\t\t\t<div class=\"ekit-wid-con\" >\t\t<div class=\"ekit-dropcap-wraper\">\n\t\t\t\t\t\t<p class=\"ekit-dropcap-cotnent\">We are a motorcycle and scooter rental company in Guatape, Colombia. Our tours take you through the countryside and mountains of Antioquia. You will get to experience the charm of the small pueblos outside of Medellin with stunning views, great swim spots, and friendly locals along the way on our fleet of brandnew motorbikes. A road less traveled is a road worth riding!<\/p>\n\t\t\t\t\t<\/div>\n        <\/div>\t\t\t\t<\/div>\n\t\t\t\t<\/div>\n\t\t\t\t\t<\/div>\n\t\t<\/div>\n\t\t\t\t\t<\/div>\n\t\t<\/section>\n\t\t\t\t\t<\/div>\n\t\t<\/div>\n\t\t\t\t\t<\/div>\n\t\t<\/section>\n\t\t\t\t<section class=\"elementor-section elementor-top-section elementor-element elementor-element-0bc1979 elementor-section-boxed elementor-section-height-default elementor-section-height-default wpr-particle-no wpr-jarallax-no wpr-parallax-no wpr-sticky-section-no\" data-id=\"0bc1979\" data-element_type=\"section\">\n\t\t\t\t\t\t<div class=\"elementor-container elementor-column-gap-default\">\n\t\t\t\t\t<div class=\"elementor-column elementor-col-100 elementor-top-column elementor-element elementor-element-930509a\" data-id=\"930509a\" data-element_type=\"column\">\n\t\t\t<div class=\"elementor-widget-wrap elementor-element-populated\">\n\t\t\t\t\t\t<div class=\"elementor-element elementor-element-f14e366 elementor-widget elementor-widget-elementskit-heading\" data-id=\"f14e366\" data-element_type=\"widget\" data-widget_type=\"elementskit-heading.default\">\n\t\t\t\t<div class=\"elementor-widget-container\">\n\t\t\t\t\t<div class=\"ekit-wid-con\" ><div class=\"ekit-heading elementskit-section-title-wraper text_center   ekit_heading_tablet-   ekit_heading_mobile-\"><h2 class=\"ekit-heading--title elementskit-section-title\">Guatap\u00e9 - Colombia <\/h2><div class=\"ekit_heading_separetor_wraper ekit_heading_elementskit-border-divider elementskit-style-long\"><div class=\"elementskit-border-divider elementskit-style-long\"><\/div><\/div><\/div><\/div>\t\t\t\t<\/div>\n\t\t\t\t<\/div>\n\t\t\t\t\t<\/div>\n\t\t<\/div>\n\t\t\t\t\t<\/div>\n\t\t<\/section>\n\t\t\t\t<section class=\"elementor-section elementor-top-section elementor-element elementor-element-55ba089 elementor-section-height-full elementor-section-boxed elementor-section-height-default elementor-section-items-middle wpr-particle-no wpr-jarallax-no wpr-parallax-no wpr-sticky-section-no\" data-id=\"55ba089\" data-element_type=\"section\" data-settings=\"{&quot;background_background&quot;:&quot;slideshow&quot;,&quot;background_slideshow_gallery&quot;:[{&quot;id&quot;:2925,&quot;url&quot;:&quot;https:\\\/\\\/www.guatapemotos.co\\\/wp-content\\\/uploads\\\/2023\\\/01\\\/kolumbia4-47-of-101-scaled.jpg&quot;},{&quot;id&quot;:2921,&quot;url&quot;:&quot;https:\\\/\\\/www.guatapemotos.co\\\/wp-content\\\/uploads\\\/2023\\\/01\\\/kolumbia7-17-of-37-1-scaled.jpg&quot;},{&quot;id&quot;:2919,&quot;url&quot;:&quot;https:\\\/\\\/www.guatapemotos.co\\\/wp-content\\\/uploads\\\/2023\\\/01\\\/kolumbia5-37-of-46-scaled.jpg&quot;},{&quot;id&quot;:2920,&quot;url&quot;:&quot;https:\\\/\\\/www.guatapemotos.co\\\/wp-content\\\/uploads\\\/2023\\\/01\\\/kolumbia7-18-of-37-scaled.jpg&quot;},{&quot;id&quot;:2924,&quot;url&quot;:&quot;https:\\\/\\\/www.guatapemotos.co\\\/wp-content\\\/uploads\\\/2023\\\/01\\\/kolumbia4-55-of-101-scaled.jpg&quot;},{&quot;id&quot;:2926,&quot;url&quot;:&quot;https:\\\/\\\/www.guatapemotos.co\\\/wp-content\\\/uploads\\\/2023\\\/01\\\/kolumbia7-14-of-37-scaled.jpg&quot;},{&quot;id&quot;:2923,&quot;url&quot;:&quot;https:\\\/\\\/www.guatapemotos.co\\\/wp-content\\\/uploads\\\/2023\\\/01\\\/kolumbia6-10-of-10-scaled.jpg&quot;}],&quot;background_slideshow_slide_duration&quot;:3000,&quot;background_slideshow_loop&quot;:&quot;yes&quot;,&quot;background_slideshow_slide_transition&quot;:&quot;fade&quot;,&quot;background_slideshow_transition_duration&quot;:500}\">\n\t\t\t\t\t\t\t<div class=\"elementor-background-overlay\"><\/div>\n\t\t\t\t\t\t\t<div class=\"elementor-container elementor-column-gap-default\">\n\t\t\t\t\t<div class=\"elementor-column elementor-col-100 elementor-top-column elementor-element elementor-element-bff92c3\" data-id=\"bff92c3\" data-element_type=\"column\">\n\t\t\t<div class=\"elementor-widget-wrap elementor-element-populated\">\n\t\t\t\t\t\t<div class=\"elementor-element elementor-element-a669d7e elementor-widget elementor-widget-elementskit-drop-caps\" data-id=\"a669d7e\" data-element_type=\"widget\" data-widget_type=\"elementskit-drop-caps.default\">\n\t\t\t\t<div class=\"elementor-widget-container\">\n\t\t\t\t\t<div class=\"ekit-wid-con\" >\t\t<div class=\"ekit-dropcap-wraper\">\n\t\t\t\t\t\t<p class=\"ekit-dropcap-cotnent\">Guatap\u00e9 is a town and municipality in the Department of Antioquia, Colombia. It is a part of the subregion of Eastern Antioquia and is located 79 kilometres (49 mi) from Medell\u00edn, the capital of the department. Guatap\u00e9 is bordered on the north by Alejandr\u00eda, San Rafael to the east, and Granada and El Pe\u00f1ol to the south. This town is the gathering place for Las Vegas, referring to the small farms of the area.\n\nThe town is a major tourist attraction, especially for travelers from Medell\u00edn. El Pe\u00f1\u00f3n de Guatap\u00e9, a large rock that visitors can climb, and the famous z\u00f3calos (murals) that adorn several buildings attract many tourists.<\/p>\n\t\t\t\t\t<\/div>\n        <\/div>\t\t\t\t<\/div>\n\t\t\t\t<\/div>\n\t\t\t\t\t<\/div>\n\t\t<\/div>\n\t\t\t\t\t<\/div>\n\t\t<\/section>\n\t\t\t\t<section class=\"elementor-section elementor-top-section elementor-element elementor-element-53742db0 elementor-section-full_width elementor-section-height-default elementor-section-height-default wpr-particle-no wpr-jarallax-no wpr-parallax-no wpr-sticky-section-no\" data-id=\"53742db0\" data-element_type=\"section\" id=\"xs_team_9\">\n\t\t\t\t\t\t<div class=\"elementor-container elementor-column-gap-default\">\n\t\t\t\t\t<div class=\"elementor-column elementor-col-100 elementor-top-column elementor-element elementor-element-1ae0ad9a\" data-id=\"1ae0ad9a\" data-element_type=\"column\">\n\t\t\t<div class=\"elementor-widget-wrap elementor-element-populated\">\n\t\t\t\t\t\t<div class=\"elementor-element elementor-element-1b30a2c elementor-widget elementor-widget-elementskit-heading\" data-id=\"1b30a2c\" data-element_type=\"widget\" data-widget_type=\"elementskit-heading.default\">\n\t\t\t\t<div class=\"elementor-widget-container\">\n\t\t\t\t\t<div class=\"ekit-wid-con\" ><div class=\"ekit-heading elementskit-section-title-wraper text_center   ekit_heading_tablet-   ekit_heading_mobile-\"><h2 class=\"ekit-heading--title elementskit-section-title\">Meet the Team <\/h2><div class=\"ekit_heading_separetor_wraper ekit_heading_elementskit-border-divider elementskit-style-long\"><div class=\"elementskit-border-divider elementskit-style-long\"><\/div><\/div><\/div><\/div>\t\t\t\t<\/div>\n\t\t\t\t<\/div>\n\t\t\t\t<section class=\"elementor-section elementor-inner-section elementor-element elementor-element-114230e elementor-section-boxed elementor-section-height-default elementor-section-height-default wpr-particle-no wpr-jarallax-no wpr-parallax-no wpr-sticky-section-no\" data-id=\"114230e\" data-element_type=\"section\">\n\t\t\t\t\t\t<div class=\"elementor-container elementor-column-gap-default\">\n\t\t\t\t\t<div class=\"elementor-column elementor-col-25 elementor-inner-column elementor-element elementor-element-53844393\" data-id=\"53844393\" data-element_type=\"column\">\n\t\t\t<div class=\"elementor-widget-wrap elementor-element-populated\">\n\t\t\t\t\t\t<div class=\"elementor-element elementor-element-5dad71cd elementor-widget elementor-widget-elementskit-team\" data-id=\"5dad71cd\" data-element_type=\"widget\" data-widget_type=\"elementskit-team.default\">\n\t\t\t\t<div class=\"elementor-widget-container\">\n\t\t\t\t\t<div class=\"ekit-wid-con\">\t\t <div class=\"profile-square-v\"> \t\t\t\t\t\t\n\t\t<div class=\"profile-card elementor-animation- text-center ekit-team-style-centered_style\">\n\t\t\t\t\t\t\n\t\t\t\t<div class=\"profile-header ekit-team-img\" >\n\t\t\t\t\t<img fetchpriority=\"high\" decoding=\"async\" width=\"408\" height=\"612\" src=\"https:\/\/www.guatapemotos.com\/wp-content\/uploads\/2023\/01\/6_darius-kolor-removebg-preview.png\" class=\"attachment-2048x2048 size-2048x2048 wp-image-2936\" alt=\"\" srcset=\"https:\/\/www.guatapemotos.com\/wp-content\/uploads\/2023\/01\/6_darius-kolor-removebg-preview.png 408w, https:\/\/www.guatapemotos.com\/wp-content\/uploads\/2023\/01\/6_darius-kolor-removebg-preview-200x300.png 200w\" sizes=\"(max-width: 408px) 100vw, 408px\" \/>\t\t\t\t<\/div><!-- .profile-header END -->\n\t\t\t\t\t\t\n\n\t\t\t\t<div class=\"profile-body\">\n\t\t\t\t\t\n\t\t\t\t\t<h2 class=\"profile-title\">\n\t\t\t\t\t\t\t\t\t\t\tDarius\t\t\t\t\t\t\t\t\t\t<\/h2>\n\t\t\t\t\t<p class=\"profile-designation\">FOUNDER<\/p>\n\t\t\t\t\t\t\t\t\t<\/div><!-- .profile-body END -->\n\n\t\t\t\t\t\t\t\t<\/div>\n\t\t\t\t <\/div> \t\t\t\n\t\t\t\n\t\t\t\t<\/div>\t\t\t\t<\/div>\n\t\t\t\t<\/div>\n\t\t\t\t\t<\/div>\n\t\t<\/div>\n\t\t\t\t<div class=\"elementor-column elementor-col-25 elementor-inner-column elementor-element elementor-element-abb80cf\" data-id=\"abb80cf\" data-element_type=\"column\">\n\t\t\t<div class=\"elementor-widget-wrap elementor-element-populated\">\n\t\t\t\t\t\t<div class=\"elementor-element elementor-element-634db4bc elementor-widget elementor-widget-elementskit-team\" data-id=\"634db4bc\" data-element_type=\"widget\" data-widget_type=\"elementskit-team.default\">\n\t\t\t\t<div class=\"elementor-widget-container\">\n\t\t\t\t\t<div class=\"ekit-wid-con\">\t\t <div class=\"profile-square-v\"> \t\t\t\t\t\t\n\t\t<div class=\"profile-card elementor-animation- text-center ekit-team-style-centered_style\">\n\t\t\t\t\t\t\n\t\t\t\t<div class=\"profile-header ekit-team-img\" >\n\t\t\t\t\t\t\t\t\t<\/div><!-- .profile-header END -->\n\t\t\t\t\t\t\n\n\t\t\t\t<div class=\"profile-body\">\n\t\t\t\t\t\n\t\t\t\t\t<h2 class=\"profile-title\">\n\t\t\t\t\t\t\t\t\t\t\tMemo\t\t\t\t\t\t\t\t\t\t<\/h2>\n\t\t\t\t\t<p class=\"profile-designation\">HOST - MECHANIC <\/p>\n\t\t\t\t\t\t\t\t\t<\/div><!-- .profile-body END -->\n\n\t\t\t\t\t\t\t\t<\/div>\n\t\t\t\t <\/div> \t\t\t\n\t\t\t\n\t\t\t\t<\/div>\t\t\t\t<\/div>\n\t\t\t\t<\/div>\n\t\t\t\t\t<\/div>\n\t\t<\/div>\n\t\t\t\t<div class=\"elementor-column elementor-col-25 elementor-inner-column elementor-element elementor-element-3b38e6b3\" data-id=\"3b38e6b3\" data-element_type=\"column\">\n\t\t\t<div class=\"elementor-widget-wrap elementor-element-populated\">\n\t\t\t\t\t\t<div class=\"elementor-element elementor-element-7685f90 elementor-widget elementor-widget-elementskit-team\" data-id=\"7685f90\" data-element_type=\"widget\" data-widget_type=\"elementskit-team.default\">\n\t\t\t\t<div class=\"elementor-widget-container\">\n\t\t\t\t\t<div class=\"ekit-wid-con\">\t\t <div class=\"profile-square-v\"> \t\t\t\t\t\t\n\t\t<div class=\"profile-card elementor-animation- text-center ekit-team-style-centered_style\">\n\t\t\t\t\t\t\n\t\t\t\t<div class=\"profile-header ekit-team-img\" >\n\t\t\t\t\t<img decoding=\"async\" width=\"408\" height=\"612\" src=\"https:\/\/www.guatapemotos.com\/wp-content\/uploads\/2023\/01\/7_justyna-kolor-removebg-preview.png\" class=\"attachment-2048x2048 size-2048x2048 wp-image-2943\" alt=\"\" srcset=\"https:\/\/www.guatapemotos.com\/wp-content\/uploads\/2023\/01\/7_justyna-kolor-removebg-preview.png 408w, https:\/\/www.guatapemotos.com\/wp-content\/uploads\/2023\/01\/7_justyna-kolor-removebg-preview-200x300.png 200w\" sizes=\"(max-width: 408px) 100vw, 408px\" \/>\t\t\t\t<\/div><!-- .profile-header END -->\n\t\t\t\t\t\t\n\n\t\t\t\t<div class=\"profile-body\">\n\t\t\t\t\t\n\t\t\t\t\t<h2 class=\"profile-title\">\n\t\t\t\t\t\t\t\t\t\t\tJustyna \t\t\t\t\t\t\t\t\t\t<\/h2>\n\t\t\t\t\t<p class=\"profile-designation\">MARKETING MANAGER<\/p>\n\t\t\t\t\t\t\t\t\t<\/div><!-- .profile-body END -->\n\n\t\t\t\t\t\t\t\t<\/div>\n\t\t\t\t <\/div> \t\t\t\n\t\t\t\n\t\t\t\t<\/div>\t\t\t\t<\/div>\n\t\t\t\t<\/div>\n\t\t\t\t\t<\/div>\n\t\t<\/div>\n\t\t\t\t<div class=\"elementor-column elementor-col-25 elementor-inner-column elementor-element elementor-element-42b79323\" data-id=\"42b79323\" data-element_type=\"column\">\n\t\t\t<div class=\"elementor-widget-wrap elementor-element-populated\">\n\t\t\t\t\t\t<div class=\"elementor-element elementor-element-5a62a11 elementor-widget elementor-widget-elementskit-team\" data-id=\"5a62a11\" data-element_type=\"widget\" data-widget_type=\"elementskit-team.default\">\n\t\t\t\t<div class=\"elementor-widget-container\">\n\t\t\t\t\t<div class=\"ekit-wid-con\">\t\t <div class=\"profile-square-v\"> \t\t\t\t\t\t\n\t\t<div class=\"profile-card elementor-animation- text-center ekit-team-style-centered_style\">\n\t\t\t\t\t\t\n\t\t\t\t<div class=\"profile-header ekit-team-img\" >\n\t\t\t\t\t\t\t\t\t<\/div><!-- .profile-header END -->\n\t\t\t\t\t\t\n\n\t\t\t\t<div class=\"profile-body\">\n\t\t\t\t\t\n\t\t\t\t\t<h2 class=\"profile-title\">\n\t\t\t\t\t\t\t\t\t\t\tJosh\t\t\t\t\t\t\t\t\t\t<\/h2>\n\t\t\t\t\t<p class=\"profile-designation\">LOCAL GUIDE <\/p>\n\t\t\t\t\t\t\t\t\t<\/div><!-- .profile-body END -->\n\n\t\t\t\t\t\t\t\t<\/div>\n\t\t\t\t <\/div> \t\t\t\n\t\t\t\n\t\t\t\t<\/div>\t\t\t\t<\/div>\n\t\t\t\t<\/div>\n\t\t\t\t\t<\/div>\n\t\t<\/div>\n\t\t\t\t\t<\/div>\n\t\t<\/section>\n\t\t\t\t\t<\/div>\n\t\t<\/div>\n\t\t\t\t\t<\/div>\n\t\t<\/section>\n\t\t\t\t<section class=\"elementor-section elementor-top-section elementor-element elementor-element-b8da8a8 elementor-section-boxed elementor-section-height-default elementor-section-height-default wpr-particle-no wpr-jarallax-no wpr-parallax-no wpr-sticky-section-no\" data-id=\"b8da8a8\" data-element_type=\"section\">\n\t\t\t\t\t\t<div class=\"elementor-container elementor-column-gap-default\">\n\t\t\t\t\t<div class=\"elementor-column elementor-col-100 elementor-top-column elementor-element elementor-element-a3ebbb6\" data-id=\"a3ebbb6\" data-element_type=\"column\">\n\t\t\t<div class=\"elementor-widget-wrap elementor-element-populated\">\n\t\t\t\t\t\t<div class=\"elementor-element elementor-element-8e6e24d elementor-widget elementor-widget-elementskit-heading\" data-id=\"8e6e24d\" data-element_type=\"widget\" data-widget_type=\"elementskit-heading.default\">\n\t\t\t\t<div class=\"elementor-widget-container\">\n\t\t\t\t\t<div class=\"ekit-wid-con\" ><div class=\"ekit-heading elementskit-section-title-wraper text_center   ekit_heading_tablet-   ekit_heading_mobile-\"><h2 class=\"ekit-heading--title elementskit-section-title\">Tripadvisor Reviews<\/h2><div class=\"ekit_heading_separetor_wraper ekit_heading_elementskit-border-divider elementskit-style-long\"><div class=\"elementskit-border-divider elementskit-style-long\"><\/div><\/div><\/div><\/div>\t\t\t\t<\/div>\n\t\t\t\t<\/div>\n\t\t\t\t\t<\/div>\n\t\t<\/div>\n\t\t\t\t\t<\/div>\n\t\t<\/section>\n\t\t\t\t<section class=\"elementor-section elementor-top-section elementor-element elementor-element-b5587ad elementor-section-boxed elementor-section-height-default elementor-section-height-default wpr-particle-no wpr-jarallax-no wpr-parallax-no wpr-sticky-section-no\" data-id=\"b5587ad\" data-element_type=\"section\">\n\t\t\t\t\t\t<div class=\"elementor-container elementor-column-gap-default\">\n\t\t\t\t\t<div class=\"elementor-column elementor-col-100 elementor-top-column elementor-element elementor-element-8fc29d0\" data-id=\"8fc29d0\" data-element_type=\"column\">\n\t\t\t<div class=\"elementor-widget-wrap elementor-element-populated\">\n\t\t\t\t\t\t<div class=\"elementor-element elementor-element-4955ef7 elementor-widget elementor-widget-shortcode\" data-id=\"4955ef7\" data-element_type=\"widget\" data-widget_type=\"shortcode.default\">\n\t\t\t\t<div class=\"elementor-widget-container\">\n\t\t\t\t\t\t\t<div class=\"elementor-shortcode\">[trustindex no-registration=tripadvisor]<\/div>\n\t\t\t\t\t\t<\/div>\n\t\t\t\t<\/div>\n\t\t\t\t\t<\/div>\n\t\t<\/div>\n\t\t\t\t\t<\/div>\n\t\t<\/section>\n\t\t\t\t<\/div>","protected":false},"excerpt":{"rendered":"<p>ABOUT US RENT A MOTORCYCLE CHECK OUR TOURS WHO WE ARE ? We are a motorcycle and scooter rental company in Guatape, Colombia. Our tours take you through the countryside and mountains of Antioquia. You will get to experience the charm of the small pueblos outside of Medellin with stunning views, great swim spots, and friendly locals along the way on our fleet of brandnew motorbikes. A road less traveled is a road worth riding! Guatap\u00e9 &#8211; Colombia Guatap\u00e9 is a town and municipality in the Department of Antioquia, Colombia. It is a part of the subregion of Eastern Antioquia and is located 79 kilometres (49 mi) from Medell\u00edn, the capital of the department. Guatap\u00e9 is bordered on the north by Alejandr\u00eda, San Rafael to the east, and Granada and El Pe\u00f1ol to the south. This town is the gathering place for Las Vegas, referring to the small farms of the area. The town is a major tourist attraction, especially for travelers from Medell\u00edn. El Pe\u00f1\u00f3n de Guatap\u00e9, a large rock that visitors can climb, and the famous z\u00f3calos (murals) that adorn several buildings attract many tourists. Meet the Team Darius FOUNDER Memo HOST &#8211; MECHANIC Justyna MARKETING MANAGER Josh LOCAL GUIDE Tripadvisor Reviews [trustindex no-registration=tripadvisor]<\/p>","protected":false},"author":1,"featured_media":0,"parent":0,"menu_order":0,"comment_status":"closed","ping_status":"closed","template":"","meta":{"site-sidebar-layout":"no-sidebar","site-content-layout":"page-builder","ast-global-header-display":"","ast-banner-title-visibility":"","ast-main-header-display":"","ast-hfb-above-header-display":"","ast-hfb-below-header-display":"","ast-hfb-mobile-header-display":"","site-post-title":"disabled","ast-breadcrumbs-content":"","ast-featured-img":"disabled","footer-sml-layout":"","theme-transparent-header-meta":"enabled","adv-header-id-meta":"","stick-header-meta":"","header-above-stick-meta":"","header-main-stick-meta":"","header-below-stick-meta":"","footnotes":""},"class_list":["post-2841","page","type-page","status-publish","hentry"],"_links":{"self":[{"href":"https:\/\/www.guatapemotos.com\/es\/wp-json\/wp\/v2\/pages\/2841","targetHints":{"allow":["GET"]}}],"collection":[{"href":"https:\/\/www.guatapemotos.com\/es\/wp-json\/wp\/v2\/pages"}],"about":[{"href":"https:\/\/www.guatapemotos.com\/es\/wp-json\/wp\/v2\/types\/page"}],"author":[{"embeddable":true,"href":"https:\/\/www.guatapemotos.com\/es\/wp-json\/wp\/v2\/users\/1"}],"replies":[{"embeddable":true,"href":"https:\/\/www.guatapemotos.com\/es\/wp-json\/wp\/v2\/comments?post=2841"}],"version-history":[{"count":73,"href":"https:\/\/www.guatapemotos.com\/es\/wp-json\/wp\/v2\/pages\/2841\/revisions"}],"predecessor-version":[{"id":3360,"href":"https:\/\/www.guatapemotos.com\/es\/wp-json\/wp\/v2\/pages\/2841\/revisions\/3360"}],"wp:attachment":[{"href":"https:\/\/www.guatapemotos.com\/es\/wp-json\/wp\/v2\/media?parent=2841"}],"curies":[{"name":"wp","href":"https:\/\/api.w.org\/{rel}","templated":true}]}}